{"id":5309,"date":"2019-12-30T13:04:42","date_gmt":"2019-12-30T12:04:42","guid":{"rendered":"https:\/\/banini.rs\/vrednosti-koje-negujemo\/"},"modified":"2020-05-08T00:05:03","modified_gmt":"2020-05-07T23:05:03","slug":"vrednosti-koje-negujemo","status":"publish","type":"page","link":"https:\/\/banini.rs\/ru\/vrednosti-koje-negujemo\/","title":{"rendered":"\u0426\u0435\u043d\u043d\u043e\u0441\u0442\u0438, \u043a\u043e\u0442\u043e\u0440\u044b\u0435 \u043c\u044b \u043a\u0443\u043b\u044c\u0442\u0438\u0432\u0438\u0440\u0443\u0435\u043c"},"content":{"rendered":"","protected":false},"excerpt":{"rendered":"","protected":false},"author":1,"featured_media":0,"parent":0,"menu_order":0,"comment_status":"closed","ping_status":"closed","template":"page-values.php","meta":{"_acf_changed":false,"footnotes":""},"class_list":["post-5309","page","type-page","status-publish","hentry"],"acf":[],"yoast_head":"<!-- This site is optimized with the Yoast SEO plugin v27.4 - https:\/\/yoast.com\/product\/yoast-seo-wordpress\/ -->\n<title>\u0426\u0435\u043d\u043d\u043e\u0441\u0442\u0438, \u043a\u043e\u0442\u043e\u0440\u044b\u0435 \u043c\u044b \u043a\u0443\u043b\u044c\u0442\u0438\u0432\u0438\u0440\u0443\u0435\u043c - Banini<\/title>\n<meta name=\"robots\" content=\"index, follow, max-snippet:-1, max-image-preview:large, max-video-preview:-1\" \/>\n<link rel=\"canonical\" href=\"https:\/\/banini.rs\/ru\/vrednosti-koje-negujemo\/\" \/>\n<meta property=\"og:locale\" content=\"ru_RU\" \/>\n<meta property=\"og:type\" content=\"article\" \/>\n<meta property=\"og:title\" content=\"Mi smo Banini, dobro do\u0161li na na\u0161u sla\u0111u stranu sveta!\" \/>\n<meta property=\"og:description\" content=\"Saznajte sve o nama i vestima iz na\u0161e kompanije. Upoznajte se sa na\u0161om istorijom i brendovima - Noblice, Doma\u0107ica, ToTo, Njamb, Kasato, Trik.\" \/>\n<meta property=\"og:url\" content=\"https:\/\/banini.rs\/ru\/vrednosti-koje-negujemo\/\" \/>\n<meta property=\"og:site_name\" content=\"Banini\" \/>\n<meta property=\"article:modified_time\" content=\"2020-05-07T23:05:03+00:00\" \/>\n<meta property=\"og:image\" content=\"https:\/\/banini.rs\/wp-content\/uploads\/2020\/03\/banini-share-photo.jpg\" \/>\n\t<meta property=\"og:image:width\" content=\"1200\" \/>\n\t<meta property=\"og:image:height\" content=\"628\" \/>\n\t<meta property=\"og:image:type\" content=\"image\/jpeg\" \/>\n<meta name=\"twitter:card\" content=\"summary_large_image\" \/>\n<meta name=\"twitter:title\" content=\"Mi smo Banini, dobro do\u0161li na na\u0161u sla\u0111u stranu sveta!\" \/>\n<meta name=\"twitter:description\" content=\"Saznajte sve o nama i vestima iz na\u0161e kompanije. Upoznajte se sa na\u0161om istorijom i brendovima - Noblice, Doma\u0107ica, ToTo, Njamb, Kasato, Trik.\" \/>\n<meta name=\"twitter:image\" content=\"https:\/\/banini.rs\/wp-content\/uploads\/2020\/03\/banini-share-photo.jpg\" \/>\n<script type=\"application\/ld+json\" class=\"yoast-schema-graph\">{\"@context\":\"https:\\\/\\\/schema.org\",\"@graph\":[{\"@type\":\"WebPage\",\"@id\":\"https:\\\/\\\/banini.rs\\\/ru\\\/vrednosti-koje-negujemo\\\/\",\"url\":\"https:\\\/\\\/banini.rs\\\/ru\\\/vrednosti-koje-negujemo\\\/\",\"name\":\"\u0426\u0435\u043d\u043d\u043e\u0441\u0442\u0438, \u043a\u043e\u0442\u043e\u0440\u044b\u0435 \u043c\u044b \u043a\u0443\u043b\u044c\u0442\u0438\u0432\u0438\u0440\u0443\u0435\u043c - Banini\",\"isPartOf\":{\"@id\":\"https:\\\/\\\/banini.rs\\\/ru\\\/#website\"},\"datePublished\":\"2019-12-30T12:04:42+00:00\",\"dateModified\":\"2020-05-07T23:05:03+00:00\",\"breadcrumb\":{\"@id\":\"https:\\\/\\\/banini.rs\\\/ru\\\/vrednosti-koje-negujemo\\\/#breadcrumb\"},\"inLanguage\":\"ru-RU\",\"potentialAction\":[{\"@type\":\"ReadAction\",\"target\":[\"https:\\\/\\\/banini.rs\\\/ru\\\/vrednosti-koje-negujemo\\\/\"]}]},{\"@type\":\"BreadcrumbList\",\"@id\":\"https:\\\/\\\/banini.rs\\\/ru\\\/vrednosti-koje-negujemo\\\/#breadcrumb\",\"itemListElement\":[{\"@type\":\"ListItem\",\"position\":1,\"name\":\"Home\",\"item\":\"https:\\\/\\\/banini.rs\\\/ru\\\/\"},{\"@type\":\"ListItem\",\"position\":2,\"name\":\"\u0426\u0435\u043d\u043d\u043e\u0441\u0442\u0438, \u043a\u043e\u0442\u043e\u0440\u044b\u0435 \u043c\u044b \u043a\u0443\u043b\u044c\u0442\u0438\u0432\u0438\u0440\u0443\u0435\u043c\"}]},{\"@type\":\"WebSite\",\"@id\":\"https:\\\/\\\/banini.rs\\\/ru\\\/#website\",\"url\":\"https:\\\/\\\/banini.rs\\\/ru\\\/\",\"name\":\"Banini\",\"description\":\"Sla\u0111a Strana Sveta\",\"publisher\":{\"@id\":\"https:\\\/\\\/banini.rs\\\/ru\\\/#organization\"},\"potentialAction\":[{\"@type\":\"SearchAction\",\"target\":{\"@type\":\"EntryPoint\",\"urlTemplate\":\"https:\\\/\\\/banini.rs\\\/ru\\\/?s={search_term_string}\"},\"query-input\":{\"@type\":\"PropertyValueSpecification\",\"valueRequired\":true,\"valueName\":\"search_term_string\"}}],\"inLanguage\":\"ru-RU\"},{\"@type\":\"Organization\",\"@id\":\"https:\\\/\\\/banini.rs\\\/ru\\\/#organization\",\"name\":\"banini\",\"url\":\"https:\\\/\\\/banini.rs\\\/ru\\\/\",\"logo\":{\"@type\":\"ImageObject\",\"inLanguage\":\"ru-RU\",\"@id\":\"https:\\\/\\\/banini.rs\\\/ru\\\/#\\\/schema\\\/logo\\\/image\\\/\",\"url\":\"https:\\\/\\\/banini.rs\\\/wp-content\\\/uploads\\\/2020\\\/06\\\/banini__footer-logo.png\",\"contentUrl\":\"https:\\\/\\\/banini.rs\\\/wp-content\\\/uploads\\\/2020\\\/06\\\/banini__footer-logo.png\",\"width\":192,\"height\":100,\"caption\":\"banini\"},\"image\":{\"@id\":\"https:\\\/\\\/banini.rs\\\/ru\\\/#\\\/schema\\\/logo\\\/image\\\/\"},\"sameAs\":[\"https:\\\/\\\/www.youtube.com\\\/user\\\/JaffaCrvenka\"]}]}<\/script>\n<!-- \/ Yoast SEO plugin. -->","yoast_head_json":{"title":"\u0426\u0435\u043d\u043d\u043e\u0441\u0442\u0438, \u043a\u043e\u0442\u043e\u0440\u044b\u0435 \u043c\u044b \u043a\u0443\u043b\u044c\u0442\u0438\u0432\u0438\u0440\u0443\u0435\u043c - Banini","robots":{"index":"index","follow":"follow","max-snippet":"max-snippet:-1","max-image-preview":"max-image-preview:large","max-video-preview":"max-video-preview:-1"},"canonical":"https:\/\/banini.rs\/ru\/vrednosti-koje-negujemo\/","og_locale":"ru_RU","og_type":"article","og_title":"Mi smo Banini, dobro do\u0161li na na\u0161u sla\u0111u stranu sveta!","og_description":"Saznajte sve o nama i vestima iz na\u0161e kompanije. Upoznajte se sa na\u0161om istorijom i brendovima - Noblice, Doma\u0107ica, ToTo, Njamb, Kasato, Trik.","og_url":"https:\/\/banini.rs\/ru\/vrednosti-koje-negujemo\/","og_site_name":"Banini","article_modified_time":"2020-05-07T23:05:03+00:00","og_image":[{"width":1200,"height":628,"url":"https:\/\/banini.rs\/wp-content\/uploads\/2020\/03\/banini-share-photo.jpg","type":"image\/jpeg"}],"twitter_card":"summary_large_image","twitter_title":"Mi smo Banini, dobro do\u0161li na na\u0161u sla\u0111u stranu sveta!","twitter_description":"Saznajte sve o nama i vestima iz na\u0161e kompanije. Upoznajte se sa na\u0161om istorijom i brendovima - Noblice, Doma\u0107ica, ToTo, Njamb, Kasato, Trik.","twitter_image":"https:\/\/banini.rs\/wp-content\/uploads\/2020\/03\/banini-share-photo.jpg","schema":{"@context":"https:\/\/schema.org","@graph":[{"@type":"WebPage","@id":"https:\/\/banini.rs\/ru\/vrednosti-koje-negujemo\/","url":"https:\/\/banini.rs\/ru\/vrednosti-koje-negujemo\/","name":"\u0426\u0435\u043d\u043d\u043e\u0441\u0442\u0438, \u043a\u043e\u0442\u043e\u0440\u044b\u0435 \u043c\u044b \u043a\u0443\u043b\u044c\u0442\u0438\u0432\u0438\u0440\u0443\u0435\u043c - Banini","isPartOf":{"@id":"https:\/\/banini.rs\/ru\/#website"},"datePublished":"2019-12-30T12:04:42+00:00","dateModified":"2020-05-07T23:05:03+00:00","breadcrumb":{"@id":"https:\/\/banini.rs\/ru\/vrednosti-koje-negujemo\/#breadcrumb"},"inLanguage":"ru-RU","potentialAction":[{"@type":"ReadAction","target":["https:\/\/banini.rs\/ru\/vrednosti-koje-negujemo\/"]}]},{"@type":"BreadcrumbList","@id":"https:\/\/banini.rs\/ru\/vrednosti-koje-negujemo\/#breadcrumb","itemListElement":[{"@type":"ListItem","position":1,"name":"Home","item":"https:\/\/banini.rs\/ru\/"},{"@type":"ListItem","position":2,"name":"\u0426\u0435\u043d\u043d\u043e\u0441\u0442\u0438, \u043a\u043e\u0442\u043e\u0440\u044b\u0435 \u043c\u044b \u043a\u0443\u043b\u044c\u0442\u0438\u0432\u0438\u0440\u0443\u0435\u043c"}]},{"@type":"WebSite","@id":"https:\/\/banini.rs\/ru\/#website","url":"https:\/\/banini.rs\/ru\/","name":"Banini","description":"Sla\u0111a Strana Sveta","publisher":{"@id":"https:\/\/banini.rs\/ru\/#organization"},"potentialAction":[{"@type":"SearchAction","target":{"@type":"EntryPoint","urlTemplate":"https:\/\/banini.rs\/ru\/?s={search_term_string}"},"query-input":{"@type":"PropertyValueSpecification","valueRequired":true,"valueName":"search_term_string"}}],"inLanguage":"ru-RU"},{"@type":"Organization","@id":"https:\/\/banini.rs\/ru\/#organization","name":"banini","url":"https:\/\/banini.rs\/ru\/","logo":{"@type":"ImageObject","inLanguage":"ru-RU","@id":"https:\/\/banini.rs\/ru\/#\/schema\/logo\/image\/","url":"https:\/\/banini.rs\/wp-content\/uploads\/2020\/06\/banini__footer-logo.png","contentUrl":"https:\/\/banini.rs\/wp-content\/uploads\/2020\/06\/banini__footer-logo.png","width":192,"height":100,"caption":"banini"},"image":{"@id":"https:\/\/banini.rs\/ru\/#\/schema\/logo\/image\/"},"sameAs":["https:\/\/www.youtube.com\/user\/JaffaCrvenka"]}]}},"_links":{"self":[{"href":"https:\/\/banini.rs\/ru\/wp-json\/wp\/v2\/pages\/5309","targetHints":{"allow":["GET"]}}],"collection":[{"href":"https:\/\/banini.rs\/ru\/wp-json\/wp\/v2\/pages"}],"about":[{"href":"https:\/\/banini.rs\/ru\/wp-json\/wp\/v2\/types\/page"}],"author":[{"embeddable":true,"href":"https:\/\/banini.rs\/ru\/wp-json\/wp\/v2\/users\/1"}],"replies":[{"embeddable":true,"href":"https:\/\/banini.rs\/ru\/wp-json\/wp\/v2\/comments?post=5309"}],"version-history":[{"count":3,"href":"https:\/\/banini.rs\/ru\/wp-json\/wp\/v2\/pages\/5309\/revisions"}],"predecessor-version":[{"id":7375,"href":"https:\/\/banini.rs\/ru\/wp-json\/wp\/v2\/pages\/5309\/revisions\/7375"}],"wp:attachment":[{"href":"https:\/\/banini.rs\/ru\/wp-json\/wp\/v2\/media?parent=5309"}],"curies":[{"name":"wp","href":"https:\/\/api.w.org\/{rel}","templated":true}]}}