{"id":5258,"date":"2020-02-20T11:22:53","date_gmt":"2020-02-20T10:22:53","guid":{"rendered":"https:\/\/banini.rs\/kolacici\/"},"modified":"2020-04-13T00:02:30","modified_gmt":"2020-04-12T23:02:30","slug":"kolacici","status":"publish","type":"page","link":"https:\/\/banini.rs\/ru\/kolacici\/","title":{"rendered":"Kola\u010di\u0107i"},"content":{"rendered":"<h2>Politika kola\u010di\u0107a<\/h2>\n<p>Kako bi internet stranica radila ispravno i kako bi mogla da se unapre\u0111uje u svrhu pobolj\u0161anja va\u0161eg iskustva pregledanja, potrebno je minimalnu koli\u010dinu informacija (cookies) uneti u va\u0161 ra\u010dunar. Vi\u0161e od 90% internet stranica koristi praksu kola\u010di\u0107a, pa su po pravilima Evropske unije obavezne da zatra\u017ee pristanak korisnika. Kori\u0161\u0107enjem ove internet stranice pristajete na upotrebu kola\u010di\u0107a, \u010dijim blokiranjem i dalje mo\u017eete da pregledavate stranicu, ali neke njene mogu\u0107nosti ne\u0107e biti funkcionalne.<\/p>\n<h2>\u0160ta je kola\u010di\u0107?<\/h2>\n<p>Kola\u010di\u0107 je informacija uneta na va\u0161 ra\u010dunar od strane veb-stranice koju posetite. Kola\u010di\u0107i obi\u010dno \u010duvaju va\u0161e postavke, postavke za veb-stranicu, kao \u0161to su preferirani jezik ili adresa. Kasnije, kada opet otvorite istu veb-stranicu, internet pregleda\u010d \u0161alje natrag kola\u010di\u0107e koji pripadaju toj stranici. Ovo omogu\u0107ava stranici da prika\u017ee informacije prilago\u0111ene va\u0161im potrebama.<\/p>\n<p>Kola\u010di\u0107i mogu da \u010duvaju \u0161irok pojas informacija, uklju\u010duju\u0107i li\u010dne informacije (kao \u0161to je va\u0161e ime ili imejl adresa). Ipak, ova informacija mo\u017ee biti sa\u010duvana jedino ako vi to omogu\u0107ite \u2013 veb-stranice ne mogu da dobiju pristup informacijama koji im vi niste dali i ne mogu da pristupe drugim datotekama na va\u0161em ra\u010dunaru ili mobilnom ure\u0111aju. Zadate aktivnosti \u010duvanja i slanja kola\u010di\u0107a vama nisu vidljive. Ipak, mo\u017eete promeniti svoje postavke internet pregleda\u010da da mo\u017eete sami da birate ho\u0107ete li zahteve za \u010duvanje kola\u010di\u0107a da odobrite ili odbijete, izbri\u0161ete sa\u010duvane kola\u010di\u0107e automatski pri zatvaranju internet pregleda\u010da i sli\u010dno.<\/p>\n<h2>Kako onemogu\u0107iti kola\u010di\u0107e?<\/h2>\n<p>Isklju\u010divanjem kola\u010di\u0107a odlu\u010dujete da li ho\u0107ete da dopustite \u010duvanje kola\u010di\u0107a na va\u0161em ra\u010dunaru ili mobilnom ure\u0111aju. Cookie postavke mogu se kontrolisati i konfigurisati u va\u0161em veb-pregleda\u010du. Ako onemogu\u0107ite kola\u010di\u0107e, mo\u017eda ne\u0107ete mo\u0107i da koristite neke od funkcionalnosti na veb-stranicama.<\/p>\n<h2>\u0160ta su privremeni kola\u010di\u0107i?<\/h2>\n<p>Privremeni kola\u010di\u0107i ili kola\u010di\u0107i sesije uklanjaju se s ra\u010dunara po zatvaranju internet pregleda\u010da. Pomo\u0107u njih veb-mesta \u010duvaju privremene podatke, poput stavki u korpi za kupovinu.<\/p>\n<h2>\u0160ta su stalni kola\u010di\u0107i?<\/h2>\n<p>Stalni ili sa\u010duvani kola\u010di\u0107i ostaju na ra\u010dunaru nakon zatvaranja programa internet pregleda\u010da. Pomo\u0107u njih veb-mesta \u010duvaju podatke, kao \u0161to su ime za prijavu i lozinka, tako da se ne morate prijavljivati prilikom svake posete odre\u0111enog mesta. Stalni kola\u010di\u0107i \u0107e ostati na ra\u010dunaru danima, mesecima, \u010dak i godinama.<\/p>\n<h2>\u0160ta su kola\u010di\u0107i prve strane?<\/h2>\n<p>Kola\u010di\u0107i prve strane dolaze s veb-mesta koje gledate, a mogu biti stalni ili privremeni. Pomo\u0107u tih kola\u010di\u0107a veb-mesta mogu da sa\u010duvaju podatke koje \u0107e ponovo koristiti prilikom slede\u0107e posete tom veb-mestu.<\/p>\n<h2>\u0160ta su kola\u010di\u0107i tre\u0107e strane?<\/h2>\n<p>Kola\u010di\u0107i tre\u0107e strane dolaze s reklama drugih veb-mesta (kao \u0161to su iska\u010du\u0107e ili druge reklame) koje se nalaze na veb-mestu koje gledate. Pomo\u0107u tih kola\u010di\u0107a veb-mesta mogu da prate kori\u0161\u0107enje interneta u marketin\u0161ke svrhe.<\/p>\n<h2>Koristi li ova veb-stranica kola\u010di\u0107e?<\/h2>\n<p>Da, s primarnim ciljem kako bismo vam omogu\u0107ili bolje korisni\u010dko iskustvo.<\/p>\n<h2>Kakve kola\u010di\u0107e koristi ova veb-stranica i za\u0161to?<\/h2>\n<p>Privremeni kola\u010di\u0107i (Session cookies) jesu kola\u010di\u0107i koji isti\u010du (i automatski se bri\u0161u) kada zatvorite internet pregleda\u010d. Mi koristimo \u201esession cookies\u201c kako bismo unapredili korisni\u010dko iskustvo za vreme posete.<\/p>\n<p>Trajni kola\u010di\u0107i (Persistent cookies) obi\u010dno imaju datum isteka daleko u budu\u0107nost i tako \u0107e ostati u va\u0161em pregleda\u010du dok ne isteknu ili dok ih ru\u010dno ne izbri\u0161ete. Mi koristimo trajne kola\u010di\u0107e kako bismo bolje razumeli navike korisnika, tako da mo\u017eemo pobolj\u0161ati internet stranicu prema va\u0161im navikama. Me\u0111utim, na osnovu ovako prikupljenih podataka nije mogu\u0107a identifikacija vas kao korisnika, a prikupljeni podaci se koriste isklju\u010divo u statisti\u010dke svrhe.<\/p>\n<h2>Da li na veb-stranici ima kola\u010di\u0107a tre\u0107e strane?<\/h2>\n<p>Ima nekoliko spoljnih servisa koji korisniku \u010duvaju limitirane kola\u010di\u0107e. Ovi kola\u010di\u0107i nisu postavljeni od strane ove internet stranice, ali neki slu\u017ee za normalno funkcionisanje odre\u0111enih mogu\u0107nosti koje korisnicima olak\u0161avaju pristup sadr\u017eaju. Stoga informacije o za\u0161titi podataka s kojima ste ovde upoznati vrede samo za ovu internet stranicu, a za\u0161titu podataka od strane spoljniih servisa potrebno je proveriti na njihovim slu\u017ebenim stranicama.<\/p>\n<h2>Trenutno omogu\u0107ujemo merenje pose\u0107enosti<\/h2>\n<p>Ova veb-stranica koristi servis za merenje pose\u0107enosti Google Analytics. Ni na osnovu ovako prikupljenih podataka nije mogu\u0107a identifikacija korisnika, a prikupljeni podaci se koriste isklju\u010divo u statisti\u010dke svrhe. Ako \u017eelite da onemogu\u0107ite da vam navedeni servis \u010duva kola\u010di\u0107e, mo\u017eete to uraditi na slede\u0107em linku: <a href=\"https:\/\/tools.google.com\/dlpage\/gaoptout\">https:\/\/tools.google.com\/dlpage\/gaoptout<\/a><\/p>\n<p>&nbsp;<\/p>\n<p>&nbsp;<\/p>\n","protected":false},"excerpt":{"rendered":"<p>Politika kola\u010di\u0107a Kako bi internet stranica radila ispravno i kako bi mogla da se unapre\u0111uje u svrhu pobolj\u0161anja va\u0161eg iskustva pregledanja, potrebno je minimalnu koli\u010dinu informacija (cookies) uneti u va\u0161 ra\u010dunar. Vi\u0161e od 90% internet stranica koristi praksu kola\u010di\u0107a, pa su po pravilima Evropske unije obavezne da zatra\u017ee pristanak korisnika. Kori\u0161\u0107enjem ove internet stranice pristajete [&hellip;]<\/p>\n","protected":false},"author":1,"featured_media":0,"parent":0,"menu_order":0,"comment_status":"closed","ping_status":"closed","template":"","meta":{"_acf_changed":false,"footnotes":""},"class_list":["post-5258","page","type-page","status-publish","hentry"],"acf":[],"yoast_head":"<!-- This site is optimized with the Yoast SEO plugin v27.4 - https:\/\/yoast.com\/product\/yoast-seo-wordpress\/ -->\n<title>Kola\u010di\u0107i - Banini<\/title>\n<meta name=\"robots\" content=\"index, follow, max-snippet:-1, max-image-preview:large, max-video-preview:-1\" \/>\n<link rel=\"canonical\" href=\"https:\/\/banini.rs\/ru\/kolacici\/\" \/>\n<meta property=\"og:locale\" content=\"ru_RU\" \/>\n<meta property=\"og:type\" content=\"article\" \/>\n<meta property=\"og:title\" content=\"Mi smo Banini, dobro do\u0161li na na\u0161u sla\u0111u stranu sveta!\" \/>\n<meta property=\"og:description\" content=\"Saznajte sve o nama i vestima iz na\u0161e kompanije. Upoznajte se sa na\u0161om istorijom i brendovima - Noblice, Doma\u0107ica, ToTo, Njamb, Kasato, Trik.\" \/>\n<meta property=\"og:url\" content=\"https:\/\/banini.rs\/ru\/kolacici\/\" \/>\n<meta property=\"og:site_name\" content=\"Banini\" \/>\n<meta property=\"article:modified_time\" content=\"2020-04-12T23:02:30+00:00\" \/>\n<meta property=\"og:image\" content=\"https:\/\/banini.rs\/wp-content\/uploads\/2020\/03\/banini-share-photo.jpg\" \/>\n\t<meta property=\"og:image:width\" content=\"1200\" \/>\n\t<meta property=\"og:image:height\" content=\"628\" \/>\n\t<meta property=\"og:image:type\" content=\"image\/jpeg\" \/>\n<meta name=\"twitter:card\" content=\"summary_large_image\" \/>\n<meta name=\"twitter:title\" content=\"Mi smo Banini, dobro do\u0161li na na\u0161u sla\u0111u stranu sveta!\" \/>\n<meta name=\"twitter:description\" content=\"Saznajte sve o nama i vestima iz na\u0161e kompanije. Upoznajte se sa na\u0161om istorijom i brendovima - Noblice, Doma\u0107ica, ToTo, Njamb, Kasato, Trik.\" \/>\n<meta name=\"twitter:image\" content=\"https:\/\/banini.rs\/wp-content\/uploads\/2020\/03\/banini-share-photo.jpg\" \/>\n<meta name=\"twitter:label1\" content=\"\u041f\u0440\u0438\u043c\u0435\u0440\u043d\u043e\u0435 \u0432\u0440\u0435\u043c\u044f \u0434\u043b\u044f \u0447\u0442\u0435\u043d\u0438\u044f\" \/>\n\t<meta name=\"twitter:data1\" content=\"4 \u043c\u0438\u043d\u0443\u0442\u044b\" \/>\n<script type=\"application\/ld+json\" class=\"yoast-schema-graph\">{\"@context\":\"https:\\\/\\\/schema.org\",\"@graph\":[{\"@type\":\"WebPage\",\"@id\":\"https:\\\/\\\/banini.rs\\\/ru\\\/kolacici\\\/\",\"url\":\"https:\\\/\\\/banini.rs\\\/ru\\\/kolacici\\\/\",\"name\":\"Kola\u010di\u0107i - Banini\",\"isPartOf\":{\"@id\":\"https:\\\/\\\/banini.rs\\\/ru\\\/#website\"},\"datePublished\":\"2020-02-20T10:22:53+00:00\",\"dateModified\":\"2020-04-12T23:02:30+00:00\",\"breadcrumb\":{\"@id\":\"https:\\\/\\\/banini.rs\\\/ru\\\/kolacici\\\/#breadcrumb\"},\"inLanguage\":\"ru-RU\",\"potentialAction\":[{\"@type\":\"ReadAction\",\"target\":[\"https:\\\/\\\/banini.rs\\\/ru\\\/kolacici\\\/\"]}]},{\"@type\":\"BreadcrumbList\",\"@id\":\"https:\\\/\\\/banini.rs\\\/ru\\\/kolacici\\\/#breadcrumb\",\"itemListElement\":[{\"@type\":\"ListItem\",\"position\":1,\"name\":\"Home\",\"item\":\"https:\\\/\\\/banini.rs\\\/ru\\\/\"},{\"@type\":\"ListItem\",\"position\":2,\"name\":\"Kola\u010di\u0107i\"}]},{\"@type\":\"WebSite\",\"@id\":\"https:\\\/\\\/banini.rs\\\/ru\\\/#website\",\"url\":\"https:\\\/\\\/banini.rs\\\/ru\\\/\",\"name\":\"Banini\",\"description\":\"Sla\u0111a Strana Sveta\",\"publisher\":{\"@id\":\"https:\\\/\\\/banini.rs\\\/ru\\\/#organization\"},\"potentialAction\":[{\"@type\":\"SearchAction\",\"target\":{\"@type\":\"EntryPoint\",\"urlTemplate\":\"https:\\\/\\\/banini.rs\\\/ru\\\/?s={search_term_string}\"},\"query-input\":{\"@type\":\"PropertyValueSpecification\",\"valueRequired\":true,\"valueName\":\"search_term_string\"}}],\"inLanguage\":\"ru-RU\"},{\"@type\":\"Organization\",\"@id\":\"https:\\\/\\\/banini.rs\\\/ru\\\/#organization\",\"name\":\"banini\",\"url\":\"https:\\\/\\\/banini.rs\\\/ru\\\/\",\"logo\":{\"@type\":\"ImageObject\",\"inLanguage\":\"ru-RU\",\"@id\":\"https:\\\/\\\/banini.rs\\\/ru\\\/#\\\/schema\\\/logo\\\/image\\\/\",\"url\":\"https:\\\/\\\/banini.rs\\\/wp-content\\\/uploads\\\/2020\\\/06\\\/banini__footer-logo.png\",\"contentUrl\":\"https:\\\/\\\/banini.rs\\\/wp-content\\\/uploads\\\/2020\\\/06\\\/banini__footer-logo.png\",\"width\":192,\"height\":100,\"caption\":\"banini\"},\"image\":{\"@id\":\"https:\\\/\\\/banini.rs\\\/ru\\\/#\\\/schema\\\/logo\\\/image\\\/\"},\"sameAs\":[\"https:\\\/\\\/www.youtube.com\\\/user\\\/JaffaCrvenka\"]}]}<\/script>\n<!-- \/ Yoast SEO plugin. -->","yoast_head_json":{"title":"Kola\u010di\u0107i - Banini","robots":{"index":"index","follow":"follow","max-snippet":"max-snippet:-1","max-image-preview":"max-image-preview:large","max-video-preview":"max-video-preview:-1"},"canonical":"https:\/\/banini.rs\/ru\/kolacici\/","og_locale":"ru_RU","og_type":"article","og_title":"Mi smo Banini, dobro do\u0161li na na\u0161u sla\u0111u stranu sveta!","og_description":"Saznajte sve o nama i vestima iz na\u0161e kompanije. Upoznajte se sa na\u0161om istorijom i brendovima - Noblice, Doma\u0107ica, ToTo, Njamb, Kasato, Trik.","og_url":"https:\/\/banini.rs\/ru\/kolacici\/","og_site_name":"Banini","article_modified_time":"2020-04-12T23:02:30+00:00","og_image":[{"width":1200,"height":628,"url":"https:\/\/banini.rs\/wp-content\/uploads\/2020\/03\/banini-share-photo.jpg","type":"image\/jpeg"}],"twitter_card":"summary_large_image","twitter_title":"Mi smo Banini, dobro do\u0161li na na\u0161u sla\u0111u stranu sveta!","twitter_description":"Saznajte sve o nama i vestima iz na\u0161e kompanije. Upoznajte se sa na\u0161om istorijom i brendovima - Noblice, Doma\u0107ica, ToTo, Njamb, Kasato, Trik.","twitter_image":"https:\/\/banini.rs\/wp-content\/uploads\/2020\/03\/banini-share-photo.jpg","twitter_misc":{"\u041f\u0440\u0438\u043c\u0435\u0440\u043d\u043e\u0435 \u0432\u0440\u0435\u043c\u044f \u0434\u043b\u044f \u0447\u0442\u0435\u043d\u0438\u044f":"4 \u043c\u0438\u043d\u0443\u0442\u044b"},"schema":{"@context":"https:\/\/schema.org","@graph":[{"@type":"WebPage","@id":"https:\/\/banini.rs\/ru\/kolacici\/","url":"https:\/\/banini.rs\/ru\/kolacici\/","name":"Kola\u010di\u0107i - Banini","isPartOf":{"@id":"https:\/\/banini.rs\/ru\/#website"},"datePublished":"2020-02-20T10:22:53+00:00","dateModified":"2020-04-12T23:02:30+00:00","breadcrumb":{"@id":"https:\/\/banini.rs\/ru\/kolacici\/#breadcrumb"},"inLanguage":"ru-RU","potentialAction":[{"@type":"ReadAction","target":["https:\/\/banini.rs\/ru\/kolacici\/"]}]},{"@type":"BreadcrumbList","@id":"https:\/\/banini.rs\/ru\/kolacici\/#breadcrumb","itemListElement":[{"@type":"ListItem","position":1,"name":"Home","item":"https:\/\/banini.rs\/ru\/"},{"@type":"ListItem","position":2,"name":"Kola\u010di\u0107i"}]},{"@type":"WebSite","@id":"https:\/\/banini.rs\/ru\/#website","url":"https:\/\/banini.rs\/ru\/","name":"Banini","description":"Sla\u0111a Strana Sveta","publisher":{"@id":"https:\/\/banini.rs\/ru\/#organization"},"potentialAction":[{"@type":"SearchAction","target":{"@type":"EntryPoint","urlTemplate":"https:\/\/banini.rs\/ru\/?s={search_term_string}"},"query-input":{"@type":"PropertyValueSpecification","valueRequired":true,"valueName":"search_term_string"}}],"inLanguage":"ru-RU"},{"@type":"Organization","@id":"https:\/\/banini.rs\/ru\/#organization","name":"banini","url":"https:\/\/banini.rs\/ru\/","logo":{"@type":"ImageObject","inLanguage":"ru-RU","@id":"https:\/\/banini.rs\/ru\/#\/schema\/logo\/image\/","url":"https:\/\/banini.rs\/wp-content\/uploads\/2020\/06\/banini__footer-logo.png","contentUrl":"https:\/\/banini.rs\/wp-content\/uploads\/2020\/06\/banini__footer-logo.png","width":192,"height":100,"caption":"banini"},"image":{"@id":"https:\/\/banini.rs\/ru\/#\/schema\/logo\/image\/"},"sameAs":["https:\/\/www.youtube.com\/user\/JaffaCrvenka"]}]}},"_links":{"self":[{"href":"https:\/\/banini.rs\/ru\/wp-json\/wp\/v2\/pages\/5258","targetHints":{"allow":["GET"]}}],"collection":[{"href":"https:\/\/banini.rs\/ru\/wp-json\/wp\/v2\/pages"}],"about":[{"href":"https:\/\/banini.rs\/ru\/wp-json\/wp\/v2\/types\/page"}],"author":[{"embeddable":true,"href":"https:\/\/banini.rs\/ru\/wp-json\/wp\/v2\/users\/1"}],"replies":[{"embeddable":true,"href":"https:\/\/banini.rs\/ru\/wp-json\/wp\/v2\/comments?post=5258"}],"version-history":[{"count":1,"href":"https:\/\/banini.rs\/ru\/wp-json\/wp\/v2\/pages\/5258\/revisions"}],"predecessor-version":[{"id":5261,"href":"https:\/\/banini.rs\/ru\/wp-json\/wp\/v2\/pages\/5258\/revisions\/5261"}],"wp:attachment":[{"href":"https:\/\/banini.rs\/ru\/wp-json\/wp\/v2\/media?parent=5258"}],"curies":[{"name":"wp","href":"https:\/\/api.w.org\/{rel}","templated":true}]}}