{"id":5293,"date":"2019-12-26T14:22:28","date_gmt":"2019-12-26T13:22:28","guid":{"rendered":"https:\/\/banini.rs\/politika-privatnosti\/"},"modified":"2020-04-12T22:41:33","modified_gmt":"2020-04-12T21:41:33","slug":"politika-privatnosti","status":"publish","type":"page","link":"https:\/\/banini.rs\/en\/politika-privatnosti\/","title":{"rendered":"Politika privatnosti"},"content":{"rendered":"\r\n<h3 class=\"wp-block-heading\">Op\u0161te odredbe<\/h3>\r\n\r\n\r\n\r\n<p>Veb-sajtom <a href=\"https:\/\/banini.rs\">banini.rs<\/a> (isklju\u010duju\u0107i povezane sajtove) upravlja se sa adrese Mar\u0161ala Tita 245, 25220 Crvenka Srbija, (\u201eJaffa Crvenka\u201c ili \u201emi\u201c), a tako\u0111e smo i rukovalac Podacima o li\u010dnosti koji se odnose na vas, a koje prikupljamo i obra\u0111ujemo na ovom veb-sajtu u skladu sa ovom Politikom privatnosti.<\/p>\r\n<p>Ova Politika privatnosti sadr\u017ei opis vrste podataka koje prikupljamo na ovom veb-sajtu, uklju\u010duju\u0107i podatke koje se odnose na lica \u010diji je identitet utvr\u0111en ili se isti mo\u017ee utvrditi (\u201ePodaci o li\u010dnosti\u201c), u koje svrhe koristimo Podatke o li\u010dnosti, sa kim iste mo\u017eemo da podelimo, kao i prava i mogu\u0107nosti koje imate na raspolaganju u vezi sa kori\u0161\u0107enjem Podatka o li\u010dnosti koji se odnose na vas. Ova Politika privatnosti tako\u0111e sadr\u017ei opis na\u010dina na koji su Podaci o li\u010dnosti koji se odnose na Vas obezbe\u0111eni i kako nam se mo\u017eete obratiti u vezi sa na\u0161om praksom za\u0161tite privatnosti podataka.<\/p>\r\n<p>Molimo Vas da pro\u010ditate ovu Politiku privatnosti pre nego \u0161to budete koristili ili ostavili bilo koje Podatke o li\u010dnosti na ovom veb-sajtu.<\/p>\r\n<p>Prilikom pristupa i kori\u0161\u0107enja ovog veb-sajta, potvr\u0111ujete da ste pro\u010ditali i razumeli na\u010din na koji prikupljamo, obra\u0111ujemo, koristimo i otkrivamo Podatke o li\u010dnosti koji se odnose na vas, a u skladu sa ovom Politikom privatnosti.<\/p>\r\n<p>Napominjemo da se pre kori\u0161\u0107enja ili ostavljanja Podataka o li\u010dnosti na odre\u0111enim delovima veb-sajta od Vas mo\u017ee tra\u017eiti da elektronskim putem potvrdite da ste razumeli i da prihvatate ovu Politiku privatnosti ozna\u010davanjem (a) odre\u0111enog\/odre\u0111enih polja i\/ili klikom na odre\u0111eno dugme. Dostavljanje potvrde, odnosno ozna\u010davanje polja i\/ili klik na dugme i kori\u0161\u0107enje ovog veb-sajta zna\u010di da ste razumeli i da ste saglasni sa prikupljanjem, obradom, kori\u0161\u0107enjem i prenosom Podataka o li\u010dnosti koji se odnose na vas, a u skladu sa ovom Politikom privatnosti.<\/p>\r\n<p>Na\u0161a evidencija o Va\u0161em prihvatanju ove Politike privatnosti, datumu prihvatanja i prihvatanju svih budu\u0107ih izmena ove Politike privatnosti se smatra odlu\u010duju\u0107im i pismenim dokazom Va\u0161e saglasnosti.<\/p>\r\n\r\n\r\n\r\n<h3 class=\"wp-block-heading\">\u00a0<\/h3>\r\n\r\n\r\n\r\n<h3>1. U koje svrhe Jaffa Crvenka prikuplja Podatke o li\u010dnosti?<\/h3>\r\n<p>U odre\u0111enim odeljcima veb-sajta se od Vas tra\u017ei da ostavite Podatke o li\u010dnosti, odnosno Va\u0161i (li\u010dni) podaci kao \u0161to su ime i prezime, adresa e-po\u0161te i\/ili adresa. Ove podatke mo\u017eemo koristiti u razli\u010dite svrhe navedene na veb-sajtu:<\/p>\r\n<p>Kako bismo mogli da vam dostavimo proizvode i usluge koje poru\u010dite od nas, za potrebe realizacije ugovora, pla\u0107anja i izdavanja faktura i\/ili kako bismo vam odgovorili na pitanja o na\u0161im proizvodima i uslugama, \u0161to predstavlja jednu od svrha.<\/p>\r\n<p>Obrada Podataka o li\u010dnosti koji se odnose na Vas se vr\u0161i zato \u0161to je neophodna radi zaklju\u010divanja ili preduzimanje mera u cilju zaklju\u010denja ugovora po Va\u0161em zahtevu \u2013 \u010dl. 6, st. 1, ta\u010d. (b) Op\u0161te uredbe o za\u0161titi podataka ili u cilju izvr\u0161enja zakonskih obaveza \u2013 \u010dl. 6, st. 1, ta\u010d. (c) OUZP.<\/p>\r\n<p>Tako\u0111e mo\u017eemo da koristimo Va\u0161e podatke kako bismo vam putem e-po\u0161te slali novosti o proizvodima i ponudama dru\u0161tva Jaffa Crvenka (novosti, bilteni ili elektronska po\u0161ta ili op\u0161te informacije o dru\u0161tvu Jaffa Crvenka ili povezanim proizvodima) ukoliko ste nam dali saglasnost za to.<\/p>\r\n<p>Obrada Podataka o li\u010dnosti koji se odnose na Vas se vr\u0161i na osnovu Va\u0161e saglasnosti \u2013 \u010dl. 6, st. 1, ta\u010d. (a) OUZP.<\/p>\r\n<p>Tako\u0111e mo\u017eemo da koristimo Va\u0161e ime, prezime i adresu kako bismo vam po\u0161tom slali informacije o dru\u0161tvu Jaffa Crvenka i\/ili njenim proizvodima. Ukoliko \u017eelimo da vam se obratimo putem telefona, mo\u017eemo koristiti Va\u0161 broj telefona (ukoliko ste nam isti dostavili).<\/p>\r\n<p>Obrada podataka o li\u010dnosti koji se odnose na Vas se vr\u0161i na osnovu na\u0161ih legitimnih interesa u tome da postoje\u0107e kupce obavestimo o sli\u010dnim proizvodima ili uslugama koje smo im pru\u017eili (\u010dl. 6, st. 1, ta\u010d. (f) OUZP i\/ili na osnovu Va\u0161e saglasnosti (\u010dl. 6, st. 1, ta\u010d. (a) OUZP).<\/p>\r\n<p>Va\u0161e podatke mo\u017eemo koristiti u druge legitimne svrhe koje su vam nazna\u010dene kada nam dostavljate Podatke li\u010dnosti ili koje su na druga\u010diji na\u010din dozvoljene ili neophodne u cilju zadovoljenja zahteva primenljivih zakona i propisa.<\/p>\r\n<p>Obrada Podataka o li\u010dnosti koji se odnose na Vas se vr\u0161i zato \u0161to je obrada neophodna zbog legitimnih interesa \u010dijem ostvarenju te\u017ei dru\u0161tvo Jaffa Crvenka i kada ti interesi ne ugro\u017eavaju Va\u0161e interese ili osnovna prava i slobode \u2013 \u010dl. 6, st. 1, ta\u010d. (f) OUZP.<\/p>\r\n<p>U obavezi smo da od Vas pribavimo izri\u010ditu saglasnost (potvrdu) za gorenavedene svrhe kada je to neophodno u skladu sa merodavnim pravom.<\/p>\r\n<h3>2. Kome Jaffa Crvenka mo\u017ee dostaviti Podatke o li\u010dnosti?<\/h3>\r\n<p>Ne prodajemo, niti na bilo koji drugi na\u010din otkrivamo Podatke o li\u010dnosti koje nam dostavite ili koje prikupimo o vama, osim u skladu sa navedenim u nastavku ili uz Va\u0161u prethodnu izri\u010ditu saglasnost.<br \/>Mo\u017ee biti neophodno da Podatke o li\u010dnosti koji se odnose na Vas podelimo:<br \/>\u2022 sa povezanim dru\u0161tvima u okviru Evropskog ekonomskog prostora, a u svrhe iz ove Politike privatnosti;<br \/>\u2022 u slu\u010daju spajanja,preuzimanja,prodaje imovine, zajedni\u010dkog ulaganja ili bilo koje druge transakcije koja za posledicu ima promenu u upravljanjuili vlasni\u0161tvu dru\u0161tva Jaffa Crvenka, u celosti ili delimi\u010dno; ili u slu\u010daju postupka reorganizacije, bankrotstva, ste\u010daja dru\u0161tva ili sli\u010dne situacije kada je otkrivanje Podataka o li\u010dnosti dozvoljeno ili u skladu sa merodavnim pravom; ili<br \/>\u2022 sa davaocima usluga i dobavlja\u010dima koji su tre\u0107a lica, koji postupaju u na\u0161e ime i prema na\u0161im instrukcijama, a koji nama pru\u017eaju usluge kao \u0161to su usluge u vezi sa internetom, ogla\u0161avanjem ili analitikom kako bismo mogli da vam isporu\u010dimo proizvod ili uslugu koju ste poru\u010dili od nas, kako bismo upravljali veb-serverima i \u010duvali podatke na rezervnim diskovima. Navedena tre\u0107a lica mogu koristiti te podatke samo u gorenavedene svrhe. Svaka druga upotreba je zabranjena.<\/p>\r\n<p>Osim u gorenavedenim slu\u010dajevima, dru\u0161tvo Jaffa Crvenka ne dostavlja Podatke o li\u010dnosti koji se odnose na Vas ostalim tre\u0107im licima bez Va\u0161e prethodne dozvole, osim ukoliko se to od njega ne zahteva po osnovu zakonske odredbe ili sudskog naloga. Dru\u0161tvo Jaffa Crvenka mo\u017ee otkriti Podatke o li\u010dnosti koji se odnose na Vas konkretno u slede\u0107im situacijama:<br \/>\u2022 kako bi odgovorilo na odobrene zahteve za inforamcijama izvr\u0161nih ili sudskih organa ili u drugim slu\u010dajevima kada je to po zakonu neophodno ili dozvoljeno;<br \/>\u2022 kako bi odgovorilo na vanrednu situaciju; ili u drugim slu\u010dajevima kako bi za\u0161titilo prava, imovinu, bezbednost ili sigurnost tre\u0107ih lica, posetilaca ovog veb-sajta ili javnosti.<\/p>\r\n<p>Ovi primaoci se pored zemlje u kojoj su Podaci o li\u010dnosti prvobitno prikupljeni, mogu nalaziti u drugim zemljama, uz napomenu da se Podaci o li\u010dnosti koji se odnose na Vas prenose samo u okviru Evropskog ekonomskog prostora ili u druge zemlje koje je Evropska komisija priznala kao zemlje koje provereno pru\u017eaju odgovaraju\u0107i stepen za\u0161tite podataka o li\u010dnosti.<\/p>\r\n<p>Samo odre\u0111eni broj pojedinaca u dru\u0161tvu Jaffa Crvenka (npr. pojedinci u odeljenjima za prodaju, podr\u0161ku, pravna pitanja, finansije, IT i ra\u010dunovodstvo, kao i odre\u0111eni rukovodioci sa dodeljenom odgovorno\u0161\u0107u) imaju pristup Podacima o li\u010dnosti koji se odnose na Vas i to samo u neophodnoj meri.<\/p>\r\n<h3>3. Koje Podatke o li\u010dnosti dru\u0161tvo Jaffa Crvenka mo\u017ee da prikuplja i obra\u0111uje?<\/h3>\r\n<p>Podaci koje vi dostavite<br \/>Prikupljamo Podatke o li\u010dnosti koji se odnose na Vas (tj. bilo koje podatke koji se odnose na Vas kao lica \u010diji je identitet utvr\u0111en ili se isti mo\u017ee utvrditi), a kao \u0161to su Va\u0161e ime i prezime, godine starosti, adresa e-po\u0161te, broj telefona i sklonosti i interesi prilikom kori\u0161\u0107enja ovog veb-sajta, naime kada putem ovog veb-sajta poru\u010dujete proizvode ili usluge, popunjavate upitnike, obrasce ili ankete koje su objavljene na veb-sajtu, kada komunicirate sa nama ili koristite interaktivne funkcije.<\/p>\r\n<p>Automatsko prikupljanje podataka<br \/>Uz Va\u0161u saglasnost kada je ista obavezna po zakonu, mi i na\u0161i davaoci usluga koji su tre\u0107a lica mo\u017eemo da koristimo razli\u010dite tehnologije kojima se prikupljaju i dostavljaju podaci o tome kako se veb-sajtu pristupa i kako se isti koristi. Te informacije mogu podrazumevati vrstu Va\u0161eg internet- pregleda\u010da, operativni sistem, internet provajdera, veb-strane koje ste pregledali, vreme kada ste ih pregledali i trajanje tog pregleda, demografske podatke o vama (kao \u0161to su Va\u0161e godine starosti, pol, jezik, lokacija i polja interesovanja, kada ih ima) i veb-strane koje ste pregledali pre otvaranja trenutne strane. Ove podatke koristimo kako bismo imali bolji uvid u to kako na\u0161i korisnici reaguju na na\u0161 veb-sajt i u skladu sa tim ga doradili i unapredili. Generalno, takvi podaci se ne mogu povezati sa vama li\u010dno, ali i kada mo\u017eemo da ih pove\u017eemo, tretiramo ih kao Podatke o li\u010dnosti koji se odnose na Vas u skladu sa ovom Politikom privatnosti.<\/p>\r\n<h3>4. Da li dru\u0161tvo Jaffa Crvenka snosi odgovornost za druge veb-sajtove?<\/h3>\r\n<p>Veb-sajt mo\u017ee sadr\u017eati reference (hiperlink, baner ili dugme) koje vode do drugih sajtova povezanih sa ovim veb-sajtom (odre\u0111enim aspektom ovog veb-sajta). To automatski ne zna\u010di da je dru\u0161tvo Jaffa Crvenka povezano sa tim drugim sajtovima ili njihovim vlasnicima.<\/p>\r\n<p>Ti veb-sajtovi nisu pod upravom dru\u0161tva Jaffa Crvenka. Ne snosimo odgovornost za sadr\u017eaj ovih veb-sajtova, proizvode ili usluge koje mogu biti ponu\u0111ene putem tih veb-sajtova ili za bilo koje drugo kori\u0161\u0107enje ovih veb-sajtova, niti za obradu podataka i praksu za\u0161tite privatnosti podataka u vezi sa tim veb-sajtovima. Predla\u017eemo vam da pro\u010ditate izjave o za\u0161titi podataka na tim veb-sajtovima ukoliko ih pose\u0107ujete ili tamo ostavljate Podatke o li\u010dnosti.<\/p>\r\n<h3>5. Koje mere za\u0161tite Podataka o li\u010dnosti primenjuje dru\u0161tvo Jaffa Crvenka?<\/h3>\r\n<p>Dru\u0161tvo Jaffa Crvenka primenjuje \u2013 i zahteva od svih davaoca usluga i\/ili tre\u0107ih lica koja vr\u0161e obradu Podataka o li\u010dnosti u ime i prema instrukcijama dru\u0161tva Jaffa Crvenka da primenjuju \u2013 odgovaraju\u0107e tehni\u010dke i organizacione mere radi za\u0161tite Podataka o li\u010dnosti koji se odnose na Vas od slu\u010dajnog ili nezakonitog uni\u0161tenja ili slu\u010dajnog gubitka, zloupotrebe, neovla\u0161\u0107enog pristupa, otkrivanja, izmene ili uni\u0161tenja i protiv bilo koje druge nezakonite obrade podataka u skladu sa merodavnim pravom.<\/p>\r\n<p>Me\u0111utim, treba imati u vidu da nijedan elektronski prenos ili skladi\u0161tenje podataka nije 100% siguran. Zbog toga, uprkos merama bezbednosti koje primenjujemo radi za\u0161tite Podataka o li\u010dnosti koji se odnose na vas, ne mo\u017eemo da vam garantujemo da nikada ne\u0107e do\u0107i do gubitka, zloupotrebe ili izmene podataka.<\/p>\r\n<h3>6. Koja su Va\u0161a prava?<\/h3>\r\n<p>Prema primenljivim Zakonima o za\u0161titi podataka, imate slede\u0107a prava (pod uslovima iz primenljivih Zakona o za\u0161titi podataka): (i) pravo na pristup podacima o li\u010dnosti koji se odnose na vas, a nalaze se kod dru\u0161tva Jaffa Crvenka, (ii) pravo na ispravku, dopunu ili brisanje podatka o li\u010dnosti koji se odnose na vas, (iii) pravo na ograni\u010davanje prikupljanja, obrade ili kori\u0161\u0107enja podataka o li\u010dnosti koji se odnose na Vas od strane dru\u0161tva Jaffa Crvenka, (iv) u odre\u0111enim uslovima, pravo na prigovor na obradu podataka o li\u010dnosti koji se odnose na Vas iz opravdanih razloga (uklju\u010duju\u0107i pravo na prigovor na obradu podataka o li\u010dnosti u direktne marketin\u0161ke svrhe, a po zahtevu i bez tro\u0161kova), (v) pravo na prenosivost podataka, i (vi) pravo na informacije o identitety tre\u0107ih lica kojima se prenose podaci o li\u010dnosti koji se odnose na vas. Tako\u0111e imate pravo da podnesete pritu\u017ebu nadzornom organu.<\/p>\r\n<p>Ukoliko \u017eelite da ostvarite svoja prava u skladu sa primenljivim propisima ili vam je potrebno vi\u0161e informacija i imate pitanja koja se odnose na obradu podataka koju vr\u0161i dru\u0161tvo Jaffa Crvenka, molimo Vas da nam se obratite putem datumiranog i potpisanog zahteva uz kopiju Va\u0161e va\u017ee\u0107e li\u010dne karte ili bilo kojeg drugog va\u017ee\u0107eg identifikacionog dokumenta koje \u0107ete poslati na gorenavedenu adresu ili putem e-po\u0161te na adrese iz odeljka 9.<\/p>\r\n<h3>7. Da li se ova Politika privatnosti mo\u017ee promeniti?<\/h3>\r\n<p>U skladu sa ograni\u010denjima merodavnog prava, dru\u0161tvo Jaffa Crvenka mo\u017ee u svakom trenutku i po svom naho\u0111enju doneti odluku da u budu\u0107nosti promeni, izmeni i\/ili dopuni celokuopnu ili delove Politike privatnosti u skladu sa zakonom. Svaka izmena ove Politike privatnosti \u0107e biti objavljena na ovoj strani i o istoj \u0107ete biti obave\u0161teni putem e-po\u0161te (kada je to u skladu ili neophodno po zakonu i ukoliko imamo Va\u0161u imejl-adresu). Napred \u0107emo navesti datum poslednje izmene ove Politike privatnosti.<\/p>\r\n<h3>8. Koliko dugo \u010duvamo Podatke o li\u010dnosti koji se odnose na vas?<\/h3>\r\n<p>Podaci o li\u010dnosti se ne \u010duvaju du\u017ee nego \u0161to je to neophodno u svrhe iz ove Politike privatnosti, najdu\u017ee do deset godina po isteku Va\u0161eg ugovora sa dru\u0161tvom Jaffa Crvenka (ako ugovora ima), osim ukoliko se po zakonu ne primenjuju du\u017ei ili kra\u0107i periodi \u010duvanja.<\/p>\r\n<h3>9. Kome se mo\u017eete obratiti ukoliko imate pitanja i zahteve?<\/h3>\r\n<p>Ukoliko imate pitanja u vezi sa Politikom privatnosti dru\u0161tva Jaffa Crvenka ili \u017eelite da ostvarite svoja prava po primenljivom zakonu, molimo Vas da nam se obratite putem e-po\u0161te na <a href=\"mailto:jaffa@jaffa.rs\">jaffa@jaffa.rs<\/a><\/p>\r\n\r\n\r\n\r\n<p>&nbsp;<\/p>\r\n\r\n\r\n\r\n<h2 class=\"wp-block-heading\">\u00a0<\/h2>\r\n","protected":false},"excerpt":{"rendered":"<p>Op\u0161te odredbe Veb-sajtom banini.rs (isklju\u010duju\u0107i povezane sajtove) upravlja se sa adrese Mar\u0161ala Tita 245, 25220 Crvenka Srbija, (\u201eJaffa Crvenka\u201c ili \u201emi\u201c), a tako\u0111e smo i rukovalac Podacima o li\u010dnosti koji se odnose na vas, a koje prikupljamo i obra\u0111ujemo na ovom veb-sajtu u skladu sa ovom Politikom privatnosti. Ova Politika privatnosti sadr\u017ei opis vrste podataka [&hellip;]<\/p>\n","protected":false},"author":1,"featured_media":0,"parent":0,"menu_order":0,"comment_status":"closed","ping_status":"open","template":"","meta":{"_acf_changed":false,"footnotes":""},"class_list":["post-5293","page","type-page","status-publish","hentry"],"acf":[],"yoast_head":"<!-- This site is optimized with the Yoast SEO plugin v27.3 - https:\/\/yoast.com\/product\/yoast-seo-wordpress\/ -->\n<title>Politika privatnosti - Banini<\/title>\n<meta name=\"robots\" content=\"index, follow, max-snippet:-1, max-image-preview:large, max-video-preview:-1\" \/>\n<link rel=\"canonical\" href=\"https:\/\/banini.rs\/en\/politika-privatnosti\/\" \/>\n<meta property=\"og:locale\" content=\"en_US\" \/>\n<meta property=\"og:type\" content=\"article\" \/>\n<meta property=\"og:title\" content=\"Mi smo Banini, dobro do\u0161li na na\u0161u sla\u0111u stranu sveta!\" \/>\n<meta property=\"og:description\" content=\"Saznajte sve o nama i vestima iz na\u0161e kompanije. Upoznajte se sa na\u0161om istorijom i brendovima - Noblice, Doma\u0107ica, ToTo, Njamb, Kasato, Trik.\" \/>\n<meta property=\"og:url\" content=\"https:\/\/banini.rs\/en\/politika-privatnosti\/\" \/>\n<meta property=\"og:site_name\" content=\"Banini\" \/>\n<meta property=\"article:modified_time\" content=\"2020-04-12T21:41:33+00:00\" \/>\n<meta property=\"og:image\" content=\"https:\/\/banini.rs\/wp-content\/uploads\/2020\/03\/banini-share-photo.jpg\" \/>\n\t<meta property=\"og:image:width\" content=\"1200\" \/>\n\t<meta property=\"og:image:height\" content=\"628\" \/>\n\t<meta property=\"og:image:type\" content=\"image\/jpeg\" \/>\n<meta name=\"twitter:card\" content=\"summary_large_image\" \/>\n<meta name=\"twitter:title\" content=\"Mi smo Banini, dobro do\u0161li na na\u0161u sla\u0111u stranu sveta!\" \/>\n<meta name=\"twitter:description\" content=\"Saznajte sve o nama i vestima iz na\u0161e kompanije. Upoznajte se sa na\u0161om istorijom i brendovima - Noblice, Doma\u0107ica, ToTo, Njamb, Kasato, Trik.\" \/>\n<meta name=\"twitter:image\" content=\"https:\/\/banini.rs\/wp-content\/uploads\/2020\/03\/banini-share-photo.jpg\" \/>\n<meta name=\"twitter:label1\" content=\"Est. reading time\" \/>\n\t<meta name=\"twitter:data1\" content=\"11 minutes\" \/>\n<script type=\"application\/ld+json\" class=\"yoast-schema-graph\">{\"@context\":\"https:\\\/\\\/schema.org\",\"@graph\":[{\"@type\":\"WebPage\",\"@id\":\"https:\\\/\\\/banini.rs\\\/en\\\/politika-privatnosti\\\/\",\"url\":\"https:\\\/\\\/banini.rs\\\/en\\\/politika-privatnosti\\\/\",\"name\":\"Politika privatnosti - Banini\",\"isPartOf\":{\"@id\":\"https:\\\/\\\/banini.rs\\\/en\\\/#website\"},\"datePublished\":\"2019-12-26T13:22:28+00:00\",\"dateModified\":\"2020-04-12T21:41:33+00:00\",\"breadcrumb\":{\"@id\":\"https:\\\/\\\/banini.rs\\\/en\\\/politika-privatnosti\\\/#breadcrumb\"},\"inLanguage\":\"en-US\",\"potentialAction\":[{\"@type\":\"ReadAction\",\"target\":[\"https:\\\/\\\/banini.rs\\\/en\\\/politika-privatnosti\\\/\"]}]},{\"@type\":\"BreadcrumbList\",\"@id\":\"https:\\\/\\\/banini.rs\\\/en\\\/politika-privatnosti\\\/#breadcrumb\",\"itemListElement\":[{\"@type\":\"ListItem\",\"position\":1,\"name\":\"Home\",\"item\":\"https:\\\/\\\/banini.rs\\\/en\\\/\"},{\"@type\":\"ListItem\",\"position\":2,\"name\":\"Politika privatnosti\"}]},{\"@type\":\"WebSite\",\"@id\":\"https:\\\/\\\/banini.rs\\\/en\\\/#website\",\"url\":\"https:\\\/\\\/banini.rs\\\/en\\\/\",\"name\":\"Banini\",\"description\":\"Sla\u0111a Strana Sveta\",\"publisher\":{\"@id\":\"https:\\\/\\\/banini.rs\\\/en\\\/#organization\"},\"potentialAction\":[{\"@type\":\"SearchAction\",\"target\":{\"@type\":\"EntryPoint\",\"urlTemplate\":\"https:\\\/\\\/banini.rs\\\/en\\\/?s={search_term_string}\"},\"query-input\":{\"@type\":\"PropertyValueSpecification\",\"valueRequired\":true,\"valueName\":\"search_term_string\"}}],\"inLanguage\":\"en-US\"},{\"@type\":\"Organization\",\"@id\":\"https:\\\/\\\/banini.rs\\\/en\\\/#organization\",\"name\":\"banini\",\"url\":\"https:\\\/\\\/banini.rs\\\/en\\\/\",\"logo\":{\"@type\":\"ImageObject\",\"inLanguage\":\"en-US\",\"@id\":\"https:\\\/\\\/banini.rs\\\/en\\\/#\\\/schema\\\/logo\\\/image\\\/\",\"url\":\"https:\\\/\\\/banini.rs\\\/wp-content\\\/uploads\\\/2020\\\/06\\\/banini__footer-logo.png\",\"contentUrl\":\"https:\\\/\\\/banini.rs\\\/wp-content\\\/uploads\\\/2020\\\/06\\\/banini__footer-logo.png\",\"width\":192,\"height\":100,\"caption\":\"banini\"},\"image\":{\"@id\":\"https:\\\/\\\/banini.rs\\\/en\\\/#\\\/schema\\\/logo\\\/image\\\/\"},\"sameAs\":[\"https:\\\/\\\/www.youtube.com\\\/user\\\/JaffaCrvenka\"]}]}<\/script>\n<!-- \/ Yoast SEO plugin. -->","yoast_head_json":{"title":"Politika privatnosti - Banini","robots":{"index":"index","follow":"follow","max-snippet":"max-snippet:-1","max-image-preview":"max-image-preview:large","max-video-preview":"max-video-preview:-1"},"canonical":"https:\/\/banini.rs\/en\/politika-privatnosti\/","og_locale":"en_US","og_type":"article","og_title":"Mi smo Banini, dobro do\u0161li na na\u0161u sla\u0111u stranu sveta!","og_description":"Saznajte sve o nama i vestima iz na\u0161e kompanije. Upoznajte se sa na\u0161om istorijom i brendovima - Noblice, Doma\u0107ica, ToTo, Njamb, Kasato, Trik.","og_url":"https:\/\/banini.rs\/en\/politika-privatnosti\/","og_site_name":"Banini","article_modified_time":"2020-04-12T21:41:33+00:00","og_image":[{"width":1200,"height":628,"url":"https:\/\/banini.rs\/wp-content\/uploads\/2020\/03\/banini-share-photo.jpg","type":"image\/jpeg"}],"twitter_card":"summary_large_image","twitter_title":"Mi smo Banini, dobro do\u0161li na na\u0161u sla\u0111u stranu sveta!","twitter_description":"Saznajte sve o nama i vestima iz na\u0161e kompanije. Upoznajte se sa na\u0161om istorijom i brendovima - Noblice, Doma\u0107ica, ToTo, Njamb, Kasato, Trik.","twitter_image":"https:\/\/banini.rs\/wp-content\/uploads\/2020\/03\/banini-share-photo.jpg","twitter_misc":{"Est. reading time":"11 minutes"},"schema":{"@context":"https:\/\/schema.org","@graph":[{"@type":"WebPage","@id":"https:\/\/banini.rs\/en\/politika-privatnosti\/","url":"https:\/\/banini.rs\/en\/politika-privatnosti\/","name":"Politika privatnosti - Banini","isPartOf":{"@id":"https:\/\/banini.rs\/en\/#website"},"datePublished":"2019-12-26T13:22:28+00:00","dateModified":"2020-04-12T21:41:33+00:00","breadcrumb":{"@id":"https:\/\/banini.rs\/en\/politika-privatnosti\/#breadcrumb"},"inLanguage":"en-US","potentialAction":[{"@type":"ReadAction","target":["https:\/\/banini.rs\/en\/politika-privatnosti\/"]}]},{"@type":"BreadcrumbList","@id":"https:\/\/banini.rs\/en\/politika-privatnosti\/#breadcrumb","itemListElement":[{"@type":"ListItem","position":1,"name":"Home","item":"https:\/\/banini.rs\/en\/"},{"@type":"ListItem","position":2,"name":"Politika privatnosti"}]},{"@type":"WebSite","@id":"https:\/\/banini.rs\/en\/#website","url":"https:\/\/banini.rs\/en\/","name":"Banini","description":"Sla\u0111a Strana Sveta","publisher":{"@id":"https:\/\/banini.rs\/en\/#organization"},"potentialAction":[{"@type":"SearchAction","target":{"@type":"EntryPoint","urlTemplate":"https:\/\/banini.rs\/en\/?s={search_term_string}"},"query-input":{"@type":"PropertyValueSpecification","valueRequired":true,"valueName":"search_term_string"}}],"inLanguage":"en-US"},{"@type":"Organization","@id":"https:\/\/banini.rs\/en\/#organization","name":"banini","url":"https:\/\/banini.rs\/en\/","logo":{"@type":"ImageObject","inLanguage":"en-US","@id":"https:\/\/banini.rs\/en\/#\/schema\/logo\/image\/","url":"https:\/\/banini.rs\/wp-content\/uploads\/2020\/06\/banini__footer-logo.png","contentUrl":"https:\/\/banini.rs\/wp-content\/uploads\/2020\/06\/banini__footer-logo.png","width":192,"height":100,"caption":"banini"},"image":{"@id":"https:\/\/banini.rs\/en\/#\/schema\/logo\/image\/"},"sameAs":["https:\/\/www.youtube.com\/user\/JaffaCrvenka"]}]}},"_links":{"self":[{"href":"https:\/\/banini.rs\/en\/wp-json\/wp\/v2\/pages\/5293","targetHints":{"allow":["GET"]}}],"collection":[{"href":"https:\/\/banini.rs\/en\/wp-json\/wp\/v2\/pages"}],"about":[{"href":"https:\/\/banini.rs\/en\/wp-json\/wp\/v2\/types\/page"}],"author":[{"embeddable":true,"href":"https:\/\/banini.rs\/en\/wp-json\/wp\/v2\/users\/1"}],"replies":[{"embeddable":true,"href":"https:\/\/banini.rs\/en\/wp-json\/wp\/v2\/comments?post=5293"}],"version-history":[{"count":1,"href":"https:\/\/banini.rs\/en\/wp-json\/wp\/v2\/pages\/5293\/revisions"}],"predecessor-version":[{"id":5296,"href":"https:\/\/banini.rs\/en\/wp-json\/wp\/v2\/pages\/5293\/revisions\/5296"}],"wp:attachment":[{"href":"https:\/\/banini.rs\/en\/wp-json\/wp\/v2\/media?parent=5293"}],"curies":[{"name":"wp","href":"https:\/\/api.w.org\/{rel}","templated":true}]}}